{"id":22102,"date":"2024-12-23T15:13:43","date_gmt":"2024-12-23T15:13:43","guid":{"rendered":"https:\/\/posana.com\/?post_type=product&#038;p=22102"},"modified":"2025-01-22T19:40:03","modified_gmt":"2025-01-22T19:40:03","slug":"a-classic-cream-ultra-50-ml","status":"publish","type":"product","link":"https:\/\/posana.com\/fr\/produit\/a-classic-cream-ultra-50-ml\/","title":{"rendered":"Une Cr\u00e8me Classique Ultra 50 ml"},"content":{"rendered":"<p>Une cr\u00e8me de jour pr\u00e9cieuse avec les caract\u00e9ristiques revitalisantes du palmitate de vitamine A et l\u2019action calmante du D-panth\u00e9nol et de l\u2019allanto\u00efne. Pour tous les types de peaux matures, sujettes \u00e0 l\u2019atrophie, avec un facteur de protection solaire naturel. Parfait comme base de maquillage.<\/p>","protected":false},"excerpt":{"rendered":"<p>Une cr\u00e8me de jour pr\u00e9cieuse avec les caract\u00e9ristiques revitalisantes du palmitate de vitamine A et l\u2019action calmante du D-panth\u00e9nol et de l\u2019allanto\u00efne. Pour tous les types de peaux matures, sujettes \u00e0 l\u2019atrophie, avec un facteur de protection solaire naturel. Parfait comme base de maquillage.<\/p>","protected":false},"featured_media":22408,"comment_status":"open","ping_status":"closed","template":"","meta":{"om_disable_all_campaigns":false,"_monsterinsights_skip_tracking":false,"_monsterinsights_sitenote_active":false,"_monsterinsights_sitenote_note":"","_monsterinsights_sitenote_category":0},"product_brand":[],"product_cat":[113],"product_tag":[172],"mwb_booking_cost":[],"mwb_booking_service":[],"class_list":{"0":"post-22102","1":"product","2":"type-product","3":"status-publish","4":"has-post-thumbnail","6":"product_cat-other-products","7":"product_tag-klapp","10":"instock","11":"shipping-taxable","12":"purchasable","13":"product-type-simple","14":"product-grid-view"},"aioseo_notices":[],"_links":{"self":[{"href":"https:\/\/posana.com\/fr\/wp-json\/wp\/v2\/product\/22102","targetHints":{"allow":["GET"]}}],"collection":[{"href":"https:\/\/posana.com\/fr\/wp-json\/wp\/v2\/product"}],"about":[{"href":"https:\/\/posana.com\/fr\/wp-json\/wp\/v2\/types\/product"}],"replies":[{"embeddable":true,"href":"https:\/\/posana.com\/fr\/wp-json\/wp\/v2\/comments?post=22102"}],"version-history":[{"count":3,"href":"https:\/\/posana.com\/fr\/wp-json\/wp\/v2\/product\/22102\/revisions"}],"predecessor-version":[{"id":22410,"href":"https:\/\/posana.com\/fr\/wp-json\/wp\/v2\/product\/22102\/revisions\/22410"}],"wp:featuredmedia":[{"embeddable":true,"href":"https:\/\/posana.com\/fr\/wp-json\/wp\/v2\/media\/22408"}],"wp:attachment":[{"href":"https:\/\/posana.com\/fr\/wp-json\/wp\/v2\/media?parent=22102"}],"wp:term":[{"taxonomy":"product_brand","embeddable":true,"href":"https:\/\/posana.com\/fr\/wp-json\/wp\/v2\/product_brand?post=22102"},{"taxonomy":"product_cat","embeddable":true,"href":"https:\/\/posana.com\/fr\/wp-json\/wp\/v2\/product_cat?post=22102"},{"taxonomy":"product_tag","embeddable":true,"href":"https:\/\/posana.com\/fr\/wp-json\/wp\/v2\/product_tag?post=22102"},{"taxonomy":"mwb_booking_cost","embeddable":true,"href":"https:\/\/posana.com\/fr\/wp-json\/wp\/v2\/mwb_booking_cost?post=22102"},{"taxonomy":"mwb_booking_service","embeddable":true,"href":"https:\/\/posana.com\/fr\/wp-json\/wp\/v2\/mwb_booking_service?post=22102"}],"curies":[{"name":"wp","href":"https:\/\/api.w.org\/{rel}","templated":true}]}}